{"id":1042,"date":"2022-08-08T12:49:20","date_gmt":"2022-08-08T12:49:20","guid":{"rendered":"https:\/\/www.rutges.com\/de\/?page_id=1042"},"modified":"2024-09-12T13:42:27","modified_gmt":"2024-09-12T13:42:27","slug":"geschichte","status":"publish","type":"page","link":"https:\/\/www.rutges.com\/de\/geschichte\/","title":{"rendered":"Geschichte"},"content":{"rendered":"[vc_row type=&#8220;full_width_background&#8220; full_screen_row_position=&#8220;middle&#8220; column_margin=&#8220;default&#8220; column_direction=&#8220;default&#8220; column_direction_tablet=&#8220;default&#8220; column_direction_phone=&#8220;default&#8220; bg_color=&#8220;#1b2121&#8243; bg_image=&#8220;1153&#8243; bg_position=&#8220;center center&#8220; background_image_loading=&#8220;default&#8220; bg_repeat=&#8220;no-repeat&#8220; scene_position=&#8220;center&#8220; top_padding=&#8220;10%&#8220; text_color=&#8220;light&#8220; text_align=&#8220;left&#8220; row_border_radius=&#8220;none&#8220; row_border_radius_applies=&#8220;bg&#8220; overflow=&#8220;visible&#8220; color_overlay=&#8220;#000000&#8243; advanced_gradient_angle=&#8220;0&#8243; overlay_strength=&#8220;0.3&#8243; gradient_direction=&#8220;left_to_right&#8220; shape_divider_position=&#8220;bottom&#8220; bg_image_animation=&#8220;none&#8220; shape_type=&#8220;&#8220; gradient_type=&#8220;default&#8220;][vc_column column_padding=&#8220;no-extra-padding&#8220; column_padding_tablet=&#8220;inherit&#8220; column_padding_phone=&#8220;inherit&#8220; column_padding_position=&#8220;all&#8220; column_element_direction_desktop=&#8220;default&#8220; column_element_spacing=&#8220;default&#8220; desktop_text_alignment=&#8220;default&#8220; tablet_text_alignment=&#8220;default&#8220; phone_text_alignment=&#8220;default&#8220; background_color_opacity=&#8220;1&#8243; background_hover_color_opacity=&#8220;1&#8243; column_backdrop_filter=&#8220;none&#8220; column_shadow=&#8220;none&#8220; column_border_radius=&#8220;none&#8220; column_link_target=&#8220;_self&#8220; column_position=&#8220;default&#8220; gradient_direction=&#8220;left_to_right&#8220; overlay_strength=&#8220;0.3&#8243; width=&#8220;1\/1&#8243; tablet_width_inherit=&#8220;default&#8220; animation_type=&#8220;default&#8220; bg_image_animation=&#8220;none&#8220; border_type=&#8220;simple&#8220; column_border_width=&#8220;none&#8220; column_border_style=&#8220;solid&#8220;][vc_column_text css=&#8220;.vc_custom_1665046483783{margin-bottom: 5% !important;}&#8220;]\n<h1><strong>Rutges Cargo Europe<\/strong>, Geschichte<\/h1>\n[\/vc_column_text][nectar_btn size=&#8220;medium&#8220; button_style=&#8220;regular&#8220; button_color_2=&#8220;Extra-Color-2&#8243; icon_family=&#8220;steadysets&#8220; text=&#8220;Kontakt&#8220; url=&#8220;\/de\/kontakt\/&#8220; icon_steadysets=&#8220;steadysets-icon-arrow-right&#8220;][\/vc_column][\/vc_row][vc_row type=&#8220;in_container&#8220; full_screen_row_position=&#8220;middle&#8220; column_margin=&#8220;default&#8220; column_direction=&#8220;default&#8220; column_direction_tablet=&#8220;default&#8220; column_direction_phone=&#8220;default&#8220; scene_position=&#8220;center&#8220; text_color=&#8220;dark&#8220; text_align=&#8220;left&#8220; row_border_radius=&#8220;none&#8220; row_border_radius_applies=&#8220;bg&#8220; overflow=&#8220;visible&#8220; overlay_strength=&#8220;0.3&#8243; gradient_direction=&#8220;left_to_right&#8220; shape_divider_position=&#8220;bottom&#8220; bg_image_animation=&#8220;none&#8220;][vc_column column_padding=&#8220;no-extra-padding&#8220; column_padding_tablet=&#8220;inherit&#8220; column_padding_phone=&#8220;inherit&#8220; column_padding_position=&#8220;all&#8220; column_element_direction_desktop=&#8220;default&#8220; column_element_spacing=&#8220;default&#8220; desktop_text_alignment=&#8220;default&#8220; tablet_text_alignment=&#8220;default&#8220; phone_text_alignment=&#8220;default&#8220; background_color_opacity=&#8220;1&#8243; background_hover_color_opacity=&#8220;1&#8243; column_backdrop_filter=&#8220;none&#8220; column_shadow=&#8220;none&#8220; column_border_radius=&#8220;none&#8220; column_link_target=&#8220;_self&#8220; column_position=&#8220;default&#8220; gradient_direction=&#8220;left_to_right&#8220; overlay_strength=&#8220;0.3&#8243; width=&#8220;1\/1&#8243; tablet_width_inherit=&#8220;default&#8220; animation_type=&#8220;default&#8220; bg_image_animation=&#8220;none&#8220; border_type=&#8220;simple&#8220; column_border_width=&#8220;none&#8220; column_border_style=&#8220;solid&#8220;]\n<div class=\"container comp-padding\">\n  <div class=\"timeline grid\">\n    <!-- <div class=\"grid-col grid-col--1\"><\/div>\n    <div class=\"grid-col grid-col--2\"><\/div> -->\n\n    \n<div class=\"timeline-item grid-item\">\n  <div class=\"timeline-item-indicator\"><\/div>\n\n  <div class=\"timeline-item-date h3\">\n    1960 - 1970  <\/div>\n\n  <div class=\"timeline-content\">\n          <img decoding=\"async\" class=\"timeline-image timeline-image--top-left\" src=\"https:\/\/www.rutges.com\/de\/wp-content\/uploads\/sites\/3\/2022\/08\/1960-1970_foto1.jpg\" alt=\"\">\n    \n          <h3>Rutges wurde in den fr\u00fchen 1960er-Jahren von der Familie Rutges in Gouda als Transportunternehmen gegr\u00fcndet. Sp\u00e4ter wurde Rutges Teil von Royal Pakhoed (heute bekannt als Royal Vopak). Damals fuhr Rutges haupts\u00e4chlich Stahl- und Tanktransporte.<\/h3>\n    \n      <\/div>\n<\/div>\n<div class=\"timeline-item grid-item\">\n  <div class=\"timeline-item-indicator\"><\/div>\n\n  <div class=\"timeline-item-date h3\">\n    &nbsp;  <\/div>\n\n  <div class=\"timeline-content\">\n          <img decoding=\"async\" class=\"timeline-image timeline-image--top-right\" src=\"https:\/\/www.rutges.com\/de\/wp-content\/uploads\/sites\/3\/2022\/08\/1960-1970_foto2-847x573.jpg\" alt=\"\">\n    \n    \n      <\/div>\n<\/div>\n<div class=\"timeline-item grid-item\">\n  <div class=\"timeline-item-indicator\"><\/div>\n\n  <div class=\"timeline-item-date h3\">\n    &nbsp;  <\/div>\n\n  <div class=\"timeline-content\">\n          <img decoding=\"async\" class=\"timeline-image timeline-image--bottom-left\" src=\"https:\/\/www.rutges.com\/de\/wp-content\/uploads\/sites\/3\/2022\/08\/1960-1970_foto3-847x598.jpg\" alt=\"\">\n    \n    \n      <\/div>\n<\/div>\n<div class=\"timeline-item grid-item\">\n  <div class=\"timeline-item-indicator\"><\/div>\n\n  <div class=\"timeline-item-date h3\">\n    1970 - 1980  <\/div>\n\n  <div class=\"timeline-content\">\n          <img decoding=\"async\" class=\"timeline-image timeline-image--bottom-right\" src=\"https:\/\/www.rutges.com\/de\/wp-content\/uploads\/sites\/3\/2022\/08\/1970-1980_foto1-847x611.jpg\" alt=\"\">\n    \n          <h3>In den sp\u00e4ten 1970er-Jahren begann Rutges mit der Bef\u00f6rderung von Luftfracht, auch f\u00fcr gro\u00dfe Fluggesellschaften wie KLM und Air France.<\/h3>\n    \n      <\/div>\n<\/div>\n<div class=\"timeline-item grid-item\">\n  <div class=\"timeline-item-indicator\"><\/div>\n\n  <div class=\"timeline-item-date h3\">\n    &nbsp;  <\/div>\n\n  <div class=\"timeline-content\">\n          <img decoding=\"async\" class=\"timeline-image timeline-image--top-left\" src=\"https:\/\/www.rutges.com\/de\/wp-content\/uploads\/sites\/3\/2022\/08\/1970-1980_foto2-847x600.jpg\" alt=\"\">\n    \n    \n      <\/div>\n<\/div>\n<div class=\"timeline-item grid-item\">\n  <div class=\"timeline-item-indicator\"><\/div>\n\n  <div class=\"timeline-item-date h3\">\n    &nbsp;  <\/div>\n\n  <div class=\"timeline-content\">\n          <img decoding=\"async\" class=\"timeline-image timeline-image--top-right\" src=\"https:\/\/www.rutges.com\/de\/wp-content\/uploads\/sites\/3\/2022\/08\/1970-1980_foto3-847x655.jpg\" alt=\"\">\n    \n    \n      <\/div>\n<\/div>\n<div class=\"timeline-item grid-item\">\n  <div class=\"timeline-item-indicator\"><\/div>\n\n  <div class=\"timeline-item-date h3\">\n    1980 - 1990  <\/div>\n\n  <div class=\"timeline-content\">\n          <img decoding=\"async\" class=\"timeline-image timeline-image--top-left\" src=\"https:\/\/www.rutges.com\/de\/wp-content\/uploads\/sites\/3\/2022\/08\/1980-1990_foto1-847x662.jpg\" alt=\"\">\n    \n          <h3>Rutges entwickelt sich zu einem vollwertigen Luftfrachtunternehmen. Ein Pionier im Luftfrachtverkehr innerhalb Europas.<\/h3>\n    \n      <\/div>\n<\/div>\n<div class=\"timeline-item grid-item\">\n  <div class=\"timeline-item-indicator\"><\/div>\n\n  <div class=\"timeline-item-date h3\">\n    &nbsp;  <\/div>\n\n  <div class=\"timeline-content\">\n          <img decoding=\"async\" class=\"timeline-image timeline-image--top-right\" src=\"https:\/\/www.rutges.com\/de\/wp-content\/uploads\/sites\/3\/2022\/08\/1980-1990_foto2.jpg\" alt=\"\">\n    \n    \n      <\/div>\n<\/div>\n<div class=\"timeline-item grid-item\">\n  <div class=\"timeline-item-indicator\"><\/div>\n\n  <div class=\"timeline-item-date h3\">\n    1990 - 2000  <\/div>\n\n  <div class=\"timeline-content\">\n          <img decoding=\"async\" class=\"timeline-image timeline-image--bottom-left\" src=\"https:\/\/www.rutges.com\/de\/wp-content\/uploads\/sites\/3\/2022\/08\/rutgesMANlzv-847x636-1.jpg\" alt=\"\">\n    \n          <h3>Rutges investiert weiterhin in seine Flotte, was das weitere Wachstum des Unternehmens f\u00f6rdert. Ab den 1990er-Jahren erh\u00e4lt Rutges ein neues Markenzeichen, das bekannte Rutges-Logo zusammen mit den wei\u00dfen und gr\u00fcnen Farbt\u00f6nen auf dem gesamten Fuhrpark.<\/h3>\n    \n      <\/div>\n<\/div>\n<div class=\"timeline-item grid-item\">\n  <div class=\"timeline-item-indicator\"><\/div>\n\n  <div class=\"timeline-item-date h3\">\n    &nbsp;  <\/div>\n\n  <div class=\"timeline-content\">\n          <img decoding=\"async\" class=\"timeline-image timeline-image--top-right\" src=\"https:\/\/www.rutges.com\/de\/wp-content\/uploads\/sites\/3\/2022\/08\/1990-2000_foto1-847x637.jpg\" alt=\"\">\n    \n    \n      <\/div>\n<\/div>\n<div class=\"timeline-item grid-item\">\n  <div class=\"timeline-item-indicator\"><\/div>\n\n  <div class=\"timeline-item-date h3\">\n    2000 - 2015  <\/div>\n\n  <div class=\"timeline-content\">\n          <img decoding=\"async\" class=\"timeline-image timeline-image--top-left\" src=\"https:\/\/www.rutges.com\/de\/wp-content\/uploads\/sites\/3\/2022\/08\/Rutges-LZV-847x635.jpg\" alt=\"\">\n    \n          <h3>In den fr\u00fchen 2000er-Jahren hat Rutges viele Lastz\u00fcge im Einsatz, in welchen gek\u00fchlte pharmazeutische Produkte transportiert wurden.<\/h3>\n    \n      <\/div>\n<\/div>\n<div class=\"timeline-item grid-item\">\n  <div class=\"timeline-item-indicator\"><\/div>\n\n  <div class=\"timeline-item-date h3\">\n    &nbsp;  <\/div>\n\n  <div class=\"timeline-content\">\n          <img decoding=\"async\" class=\"timeline-image timeline-image--bottom-right\" src=\"https:\/\/www.rutges.com\/de\/wp-content\/uploads\/sites\/3\/2022\/08\/rutges2009-847x636.jpg\" alt=\"\">\n    \n    \n      <\/div>\n<\/div>\n<div class=\"timeline-item grid-item\">\n  <div class=\"timeline-item-indicator\"><\/div>\n\n  <div class=\"timeline-item-date h3\">\n    &nbsp;  <\/div>\n\n  <div class=\"timeline-content\">\n    \n    \n      <\/div>\n<\/div>\n<div class=\"timeline-item grid-item\">\n  <div class=\"timeline-item-indicator\"><\/div>\n\n  <div class=\"timeline-item-date h3\">\n    2015  <\/div>\n\n  <div class=\"timeline-content\">\n          <img decoding=\"async\" class=\"timeline-image timeline-image--bottom-right\" src=\"https:\/\/www.rutges.com\/de\/wp-content\/uploads\/sites\/3\/2022\/08\/Pharma-Actros-847x563.jpg\" alt=\"\">\n    \n          <h3>Ab 2015 geht Rutges Cargo Europe in den Besitz von Vincent van 't Schip \u00fcber. Es wird eine neue Richtung und eine klare Vision verfolgt, in der sich Rutges auf Nischenm\u00e4rkte spezialisiert und auf den Transport von Waren mit besonderer Sorgfalt konzentriert.<\/h3>\n    \n      <\/div>\n<\/div>\n<div class=\"timeline-item grid-item\">\n  <div class=\"timeline-item-indicator\"><\/div>\n\n  <div class=\"timeline-item-date h3\">\n    &nbsp;  <\/div>\n\n  <div class=\"timeline-content\">\n          <img decoding=\"async\" class=\"timeline-image timeline-image--bottom-left\" src=\"https:\/\/www.rutges.com\/de\/wp-content\/uploads\/sites\/3\/2022\/08\/rutgesmeerdere-847x571.jpg\" alt=\"\">\n    \n    \n      <\/div>\n<\/div>\n<div class=\"timeline-item grid-item\">\n  <div class=\"timeline-item-indicator\"><\/div>\n\n  <div class=\"timeline-item-date h3\">\n    2020  <\/div>\n\n  <div class=\"timeline-content\">\n          <img decoding=\"async\" class=\"timeline-image timeline-image--top-right\" src=\"https:\/\/www.rutges.com\/de\/wp-content\/uploads\/sites\/3\/2022\/08\/RCE-site-847x454.png\" alt=\"\">\n    \n          <h3>Ab diesem Jahr wird Rutges zum vollwertigen Logistikdienstleister, bei dem die Lagerhaltung ein wichtiger Bestandteil der Logistikt\u00e4tigkeiten ist.<\/h3>\n    \n      <\/div>\n<\/div>\n<div class=\"timeline-item grid-item\">\n  <div class=\"timeline-item-indicator\"><\/div>\n\n  <div class=\"timeline-item-date h3\">\n    &nbsp;  <\/div>\n\n  <div class=\"timeline-content\">\n          <img decoding=\"async\" class=\"timeline-image timeline-image--top-left\" src=\"https:\/\/www.rutges.com\/de\/wp-content\/uploads\/sites\/3\/2022\/08\/rutges-pompwagens-847x514.jpg\" alt=\"\">\n    \n    \n      <\/div>\n<\/div>\n<div class=\"timeline-item grid-item\">\n  <div class=\"timeline-item-indicator\"><\/div>\n\n  <div class=\"timeline-item-date h3\">\n    &nbsp;  <\/div>\n\n  <div class=\"timeline-content\">\n          <img decoding=\"async\" class=\"timeline-image timeline-image--bottom-right\" src=\"https:\/\/www.rutges.com\/de\/wp-content\/uploads\/sites\/3\/2022\/09\/rutges-warehouse-1-847x565.jpg\" alt=\"\">\n    \n    \n      <\/div>\n<\/div>\n<div class=\"timeline-item grid-item\">\n  <div class=\"timeline-item-indicator\"><\/div>\n\n  <div class=\"timeline-item-date h3\">\n    2022  <\/div>\n\n  <div class=\"timeline-content\">\n          <img decoding=\"async\" class=\"timeline-image timeline-image--bottom-left\" src=\"https:\/\/www.rutges.com\/de\/wp-content\/uploads\/sites\/3\/2022\/08\/image12-847x635.jpg\" alt=\"\">\n    \n          <h3>Mit Wirkung vom 1. Januar 2022 fusioniert JM-Logistics mit Rutges Cargo Europe. Damit wird die Abteilung Spezialfrachttransporte eingerichtet. Au\u00dferdem baut Rutges seine Transport- und Lageraktivit\u00e4ten weiter aus.<\/h3>\n    \n      <\/div>\n<\/div>\n<div class=\"timeline-item grid-item\">\n  <div class=\"timeline-item-indicator\"><\/div>\n\n  <div class=\"timeline-item-date h3\">\n    &nbsp;  <\/div>\n\n  <div class=\"timeline-content\">\n          <img decoding=\"async\" class=\"timeline-image timeline-image--top-right\" src=\"https:\/\/www.rutges.com\/de\/wp-content\/uploads\/sites\/3\/2022\/08\/specialcargo-847x582.jpg\" alt=\"\">\n    \n    \n      <\/div>\n<\/div>\n<div class=\"timeline-item grid-item\">\n  <div class=\"timeline-item-indicator\"><\/div>\n\n  <div class=\"timeline-item-date h3\">\n    &nbsp;  <\/div>\n\n  <div class=\"timeline-content\">\n          <img decoding=\"async\" class=\"timeline-image timeline-image--bottom-left\" src=\"https:\/\/www.rutges.com\/de\/wp-content\/uploads\/sites\/3\/2022\/08\/IMG_5626-847x636.jpg\" alt=\"\">\n    \n    \n      <\/div>\n<\/div>\n<div class=\"timeline-item grid-item\">\n  <div class=\"timeline-item-indicator\"><\/div>\n\n  <div class=\"timeline-item-date h3\">\n    2024  <\/div>\n\n  <div class=\"timeline-content\">\n          <img decoding=\"async\" class=\"timeline-image timeline-image--bottom-right\" src=\"https:\/\/www.rutges.com\/de\/wp-content\/uploads\/sites\/3\/2024\/09\/IMG_6571.jpg\" alt=\"\">\n    \n          <h3>Ab September 2024 erweitern wir unsere Dienstleistungen mit der Er\u00f6ffnung eines neuen Lagers bei Eindhoven. Dies ist ein wichtiger Schritt zur Unterst\u00fctzung unserer Aktivit\u00e4ten in S\u00fcd-Niederlande und dem Wachstum von Rutges Cargo Europe.<\/h3>\n    \n      <\/div>\n<\/div>  <\/div>\n<\/div>[\/vc_column][\/vc_row][vc_row type=&#8220;full_width_background&#8220; full_screen_row_position=&#8220;middle&#8220; column_margin=&#8220;none&#8220; equal_height=&#8220;yes&#8220; column_direction=&#8220;default&#8220; column_direction_tablet=&#8220;default&#8220; column_direction_phone=&#8220;default&#8220; scene_position=&#8220;center&#8220; text_color=&#8220;dark&#8220; text_align=&#8220;left&#8220; row_border_radius=&#8220;none&#8220; row_border_radius_applies=&#8220;bg&#8220; overflow=&#8220;visible&#8220; class=&#8220;no-padding bg-right-to-edge&#8220; disable_element=&#8220;yes&#8220; advanced_gradient_angle=&#8220;0&#8243; overlay_strength=&#8220;0.3&#8243; gradient_direction=&#8220;left_to_right&#8220; shape_divider_position=&#8220;bottom&#8220; bg_image_animation=&#8220;none&#8220; shape_type=&#8220;&#8220; gradient_type=&#8220;default&#8220;][vc_column column_padding=&#8220;no-extra-padding&#8220; column_padding_tablet=&#8220;inherit&#8220; column_padding_phone=&#8220;inherit&#8220; column_padding_position=&#8220;all&#8220; column_element_direction_desktop=&#8220;default&#8220; column_element_spacing=&#8220;default&#8220; desktop_text_alignment=&#8220;default&#8220; tablet_text_alignment=&#8220;default&#8220; phone_text_alignment=&#8220;default&#8220; background_color_opacity=&#8220;1&#8243; background_hover_color_opacity=&#8220;1&#8243; column_backdrop_filter=&#8220;none&#8220; column_shadow=&#8220;none&#8220; column_border_radius=&#8220;none&#8220; column_link_target=&#8220;_self&#8220; column_position=&#8220;default&#8220; gradient_direction=&#8220;left_to_right&#8220; overlay_strength=&#8220;0.3&#8243; width=&#8220;1\/2&#8243; tablet_width_inherit=&#8220;default&#8220; animation_type=&#8220;default&#8220; bg_image_animation=&#8220;none&#8220; border_type=&#8220;simple&#8220; column_border_width=&#8220;none&#8220; column_border_style=&#8220;solid&#8220;][vc_column_text css=&#8220;.vc_custom_1649753269675{margin-right: 5% !important;}&#8220;]\n<h2>Welkom bij de familie<\/h2>\n<p>Als je voor ons gaat werken, zorgen we ervoor dat je je zo snel mogelijk thuis voelt. En dat doen we niet alleen in die begintijd, maar dat blijft zo.<\/p>\n<h4>Bel 020 654 0900<\/h4>\n[\/vc_column_text][nectar_btn size=&#8220;medium&#8220; button_style=&#8220;regular&#8220; button_color_2=&#8220;Extra-Color-2&#8243; icon_family=&#8220;steadysets&#8220; text=&#8220;Bekijk onze vacature&#8217;s&#8220; url=&#8220;\/vacatures\/&#8220; icon_steadysets=&#8220;steadysets-icon-arrow-right&#8220;][\/vc_column][vc_column column_padding=&#8220;no-extra-padding&#8220; column_padding_tablet=&#8220;inherit&#8220; column_padding_phone=&#8220;inherit&#8220; column_padding_position=&#8220;all&#8220; column_element_direction_desktop=&#8220;default&#8220; column_element_spacing=&#8220;default&#8220; desktop_text_alignment=&#8220;default&#8220; tablet_text_alignment=&#8220;default&#8220; phone_text_alignment=&#8220;default&#8220; background_color_opacity=&#8220;1&#8243; background_hover_color_opacity=&#8220;1&#8243; background_image=&#8220;343&#8243; background_image_position=&#8220;center center&#8220; background_image_stacking=&#8220;default&#8220; enable_bg_scale=&#8220;true&#8220; background_image_loading=&#8220;default&#8220; column_backdrop_filter=&#8220;none&#8220; column_shadow=&#8220;none&#8220; column_border_radius=&#8220;none&#8220; column_link_target=&#8220;_self&#8220; column_position=&#8220;default&#8220; el_class=&#8220;triangle triangle&#8211;white-left-top&#8220; advanced_gradient_angle=&#8220;0&#8243; gradient_direction=&#8220;left_to_right&#8220; overlay_strength=&#8220;0.3&#8243; width=&#8220;1\/2&#8243; tablet_width_inherit=&#8220;default&#8220; animation_type=&#8220;default&#8220; bg_image_animation=&#8220;none&#8220; border_type=&#8220;simple&#8220; column_border_width=&#8220;none&#8220; column_border_style=&#8220;solid&#8220; gradient_type=&#8220;default&#8220;][divider line_type=&#8220;No Line&#8220; custom_height=&#8220;200&#8243;][\/vc_column][\/vc_row]\n","protected":false},"excerpt":{"rendered":"<p>[vc_row type=&#8220;full_width_background&#8220; full_screen_row_position=&#8220;middle&#8220; column_margin=&#8220;default&#8220; column_direction=&#8220;default&#8220; column_direction_tablet=&#8220;default&#8220; column_direction_phone=&#8220;default&#8220; bg_color=&#8220;#1b2121&#8243; bg_image=&#8220;1153&#8243; bg_position=&#8220;center center&#8220; background_image_loading=&#8220;default&#8220; bg_repeat=&#8220;no-repeat&#8220; scene_position=&#8220;center&#8220; top_padding=&#8220;10%&#8220; text_color=&#8220;light&#8220; text_align=&#8220;left&#8220; row_border_radius=&#8220;none&#8220; row_border_radius_applies=&#8220;bg&#8220; overflow=&#8220;visible&#8220; color_overlay=&#8220;#000000&#8243; advanced_gradient_angle=&#8220;0&#8243; overlay_strength=&#8220;0.3&#8243; gradient_direction=&#8220;left_to_right&#8220; shape_divider_position=&#8220;bottom&#8220; bg_image_animation=&#8220;none&#8220; shape_type=&#8220;&#8220; gradient_type=&#8220;default&#8220;][vc_column column_padding=&#8220;no-extra-padding&#8220; column_padding_tablet=&#8220;inherit&#8220;&#8230;<\/p>\n","protected":false},"author":1,"featured_media":0,"parent":0,"menu_order":0,"comment_status":"closed","ping_status":"closed","template":"","meta":{"_acf_changed":false,"footnotes":""},"class_list":["post-1042","page","type-page","status-publish"],"acf":[],"_links":{"self":[{"href":"https:\/\/www.rutges.com\/de\/wp-json\/wp\/v2\/pages\/1042","targetHints":{"allow":["GET"]}}],"collection":[{"href":"https:\/\/www.rutges.com\/de\/wp-json\/wp\/v2\/pages"}],"about":[{"href":"https:\/\/www.rutges.com\/de\/wp-json\/wp\/v2\/types\/page"}],"author":[{"embeddable":true,"href":"https:\/\/www.rutges.com\/de\/wp-json\/wp\/v2\/users\/1"}],"replies":[{"embeddable":true,"href":"https:\/\/www.rutges.com\/de\/wp-json\/wp\/v2\/comments?post=1042"}],"version-history":[{"count":5,"href":"https:\/\/www.rutges.com\/de\/wp-json\/wp\/v2\/pages\/1042\/revisions"}],"predecessor-version":[{"id":1357,"href":"https:\/\/www.rutges.com\/de\/wp-json\/wp\/v2\/pages\/1042\/revisions\/1357"}],"wp:attachment":[{"href":"https:\/\/www.rutges.com\/de\/wp-json\/wp\/v2\/media?parent=1042"}],"curies":[{"name":"wp","href":"https:\/\/api.w.org\/{rel}","templated":true}]}}